{"id":10792,"date":"2017-11-28T21:12:56","date_gmt":"2017-11-28T21:12:56","guid":{"rendered":"http:\/\/seminare.framefier.com\/?page_id=10792"},"modified":"2026-02-20T10:32:35","modified_gmt":"2026-02-20T08:32:35","slug":"faq","status":"publish","type":"page","link":"https:\/\/xn--ngel-in-perfektion-ltb.de\/index.php\/faq\/","title":{"rendered":"FAQ"},"content":{"rendered":"<p>[vc_row content_width=&#8220;grid&#8220; center_bck_image=&#8220;no&#8220; css=&#8220;.vc_custom_1513420812306{padding-top: 50px !important;padding-bottom: 50px !important;}&#8220;][vc_column offset=&#8220;vc_col-lg-6 vc_col-md-12&#8243;][vc_single_image image=&#8220;17151&#8243; img_size=&#8220;full&#8220;][\/vc_column][vc_column offset=&#8220;vc_col-lg-6 vc_col-md-12&#8243;]<div class=\"eltd-section-title-outer-holder\" style=\"text-align: center\">\n\n    \t<div class=\"eltd-section-title-title-holder\">\n\t\t<h2 class=\"eltd-section-title\" style=\";;;;;;;\">\n\t\t\tFAQ\t\t<\/h2>\n\t<\/div>\n    \t<span class=\"eltd-title-separator \"><\/span>\n             <div class=\"eltd-section-subtitle-holder\">\n            <h5 class=\"eltd-section-subtitle\" style=\";;;;;;\" >\n            H\u00e4ufig gestellte Fragen        <\/h5>\n        <\/div>\n    \n<\/div>[vc_column_text]<\/p>\n<p style=\"text-align: center;\">Sie haben Fragen? Hier finden Sie Antworten. Falls Sie doch keine passende Antwort gefunden haben, bitte kontaktieren sie uns \u00fcber <a href=\"\/index.php\/kontakt\/\">Kontaktformular<\/a>.<\/p>\n<p>[\/vc_column_text][\/vc_column][\/vc_row][vc_row content_width=&#8220;grid&#8220; center_bck_image=&#8220;no&#8220; css=&#8220;.vc_custom_1476104476383{padding-top: 100px !important;padding-bottom: 100px !important;background-color: #f3f2f2 !important;}&#8220;][vc_column]<div class=\"eltd-accordion-holder clearfix eltd-accordion eltd-boxed light\">\n\t<h5 class=\"clearfix eltd-title-holder\">\n\t<span class=\"eltd-accordion-mark eltd-left-mark\">\n\t\t<span class=\"eltd-accordion-mark-icon\">\n\t\t\t<span class=\"icon_plus\"><\/span>\n\t\t\t<span class=\"icon_minus-06\"><\/span>\n\t\t<\/span>\n\t<\/span>\n\t<span class=\"eltd-tab-title\">\n\t\t<span class=\"eltd-tab-title-inner\">\n\t\t\tWo finden die Seminare statt?\t\t<\/span>\n\t<\/span>\n<\/h5>\n<div class=\"eltd-accordion-content\" >\n\t<div class=\"eltd-accordion-content-inner\">\n\t\t[vc_column_text]Alle Seminare finden in der Heiligendammer Stra\u00dfe 17, 14199 Berlin statt.[\/vc_column_text]\t<\/div>\n<\/div><h5 class=\"clearfix eltd-title-holder\">\n\t<span class=\"eltd-accordion-mark eltd-left-mark\">\n\t\t<span class=\"eltd-accordion-mark-icon\">\n\t\t\t<span class=\"icon_plus\"><\/span>\n\t\t\t<span class=\"icon_minus-06\"><\/span>\n\t\t<\/span>\n\t<\/span>\n\t<span class=\"eltd-tab-title\">\n\t\t<span class=\"eltd-tab-title-inner\">\n\t\t\tWie l\u00e4uft die Anmeldung ab?\t\t<\/span>\n\t<\/span>\n<\/h5>\n<div class=\"eltd-accordion-content\" >\n\t<div class=\"eltd-accordion-content-inner\">\n\t\t[vc_column_text]F\u00fcr eine Anmeldung gehen Sie bitte zum Bereich &#8222;Termine&#8220; und klicken dann auf den Button &#8222;Zur Anmeldung&#8220; bei der Schulung, f\u00fcr die Sie sich anmelden m\u00f6chten. Alternativ senden Sie uns bitte eine Anfrage an <a href=\"mailto:academy@akzentz.de\">academy@akzentz.de<\/a><\/p>\n<p>Mit der Angabe von:<\/p>\n<ul>\n<li>Name, Vorname<\/li>\n<li>Um welchen Kurs es sich handelt<\/li>\n<li>Datum des Kurses<\/li>\n<\/ul>\n<p>[\/vc_column_text]\t<\/div>\n<\/div><h5 class=\"clearfix eltd-title-holder\">\n\t<span class=\"eltd-accordion-mark eltd-left-mark\">\n\t\t<span class=\"eltd-accordion-mark-icon\">\n\t\t\t<span class=\"icon_plus\"><\/span>\n\t\t\t<span class=\"icon_minus-06\"><\/span>\n\t\t<\/span>\n\t<\/span>\n\t<span class=\"eltd-tab-title\">\n\t\t<span class=\"eltd-tab-title-inner\">\n\t\t\tWie lange dauern die Seminare?\t\t<\/span>\n\t<\/span>\n<\/h5>\n<div class=\"eltd-accordion-content\" >\n\t<div class=\"eltd-accordion-content-inner\">\n\t\t[vc_column_text]Seminare fangen immer um 10 Uhr an und dauern bis ca. 19 Uhr. Bitte sein Sie nicht fr\u00fcher als 9:45 Uhr vor Ort.[\/vc_column_text]\t<\/div>\n<\/div><h5 class=\"clearfix eltd-title-holder\">\n\t<span class=\"eltd-accordion-mark eltd-left-mark\">\n\t\t<span class=\"eltd-accordion-mark-icon\">\n\t\t\t<span class=\"icon_plus\"><\/span>\n\t\t\t<span class=\"icon_minus-06\"><\/span>\n\t\t<\/span>\n\t<\/span>\n\t<span class=\"eltd-tab-title\">\n\t\t<span class=\"eltd-tab-title-inner\">\n\t\t\tWie bereite ich mich auf eine Schulung vor und was muss ich mitbringen ?\t\t<\/span>\n\t<\/span>\n<\/h5>\n<div class=\"eltd-accordion-content\" >\n\t<div class=\"eltd-accordion-content-inner\">\n\t\t[vc_column_text]Sie brauchen sich nicht speziell f\u00fcr die Schulung vorzubereiten. Neugier, Motivation und gute Laune reichen v\u00f6llig aus. ;-))<\/p>\n<p>Die Materiallisten passend zu Ihrem Schulungsthema finden Sie als Zusatz beim Anmeldeformular der jeweiligen Schulung.[\/vc_column_text]\t<\/div>\n<\/div><h5 class=\"clearfix eltd-title-holder\">\n\t<span class=\"eltd-accordion-mark eltd-left-mark\">\n\t\t<span class=\"eltd-accordion-mark-icon\">\n\t\t\t<span class=\"icon_plus\"><\/span>\n\t\t\t<span class=\"icon_minus-06\"><\/span>\n\t\t<\/span>\n\t<\/span>\n\t<span class=\"eltd-tab-title\">\n\t\t<span class=\"eltd-tab-title-inner\">\n\t\t\tBrauchen Sie ein Modell?\t\t<\/span>\n\t<\/span>\n<\/h5>\n<div class=\"eltd-accordion-content\" >\n\t<div class=\"eltd-accordion-content-inner\">\n\t\t[vc_column_text]Ja, in unseren Schulungen arbeiten Sie an Modellen. Ein eigenes Modell erleichtert Ihnen die Teilnahme an der Schulung, da Sie sich nicht auf eine neue Person und unbekannte N\u00e4gel einstellen m\u00fcssen. Bringen Sie daher bitte ein eigenes Modell mit. Je nach Schulung werden ein oder mehrere Modelle ben\u00f6tigt. <strong>Das eigene Modell darf kein\/-e Nageldesigner\/-in sein.<\/strong> In dem Fall, dass Ihr Modell selbst ein\/-e Nageldesigner\/-in ist, stellen wir zus\u00e4tzlich\u00a0 50% der Schulungskosten in Rechnung oder behalten uns das Recht vor das Modell auszuschlie\u00dfen.<br clear=\"none\" \/>Bei Meisterschaftstrainings kommen Sie bitte mit dem Modell, mit dem Sie auch im Wettbewerb teilnehmen.[\/vc_column_text]\t<\/div>\n<\/div><h5 class=\"clearfix eltd-title-holder\">\n\t<span class=\"eltd-accordion-mark eltd-left-mark\">\n\t\t<span class=\"eltd-accordion-mark-icon\">\n\t\t\t<span class=\"icon_plus\"><\/span>\n\t\t\t<span class=\"icon_minus-06\"><\/span>\n\t\t<\/span>\n\t<\/span>\n\t<span class=\"eltd-tab-title\">\n\t\t<span class=\"eltd-tab-title-inner\">\n\t\t\tGibt es einen Test oder eine Pr\u00fcfung nach der Schulung?\t\t<\/span>\n\t<\/span>\n<\/h5>\n<div class=\"eltd-accordion-content\" >\n\t<div class=\"eltd-accordion-content-inner\">\n\t\t[vc_column_text]Es finden bei Schulungen vor Ort keine Pr\u00fcfungen statt.<\/p>\n<p>Das bestehen einer Onlineschulung erfolgt nur nach erfolgreicher Abgabe und bestehen der Hausaufgabe.[\/vc_column_text]\t<\/div>\n<\/div><h5 class=\"clearfix eltd-title-holder\">\n\t<span class=\"eltd-accordion-mark eltd-left-mark\">\n\t\t<span class=\"eltd-accordion-mark-icon\">\n\t\t\t<span class=\"icon_plus\"><\/span>\n\t\t\t<span class=\"icon_minus-06\"><\/span>\n\t\t<\/span>\n\t<\/span>\n\t<span class=\"eltd-tab-title\">\n\t\t<span class=\"eltd-tab-title-inner\">\n\t\t\tBekomme ich ein Zertifikat nach der Schulung?\t\t<\/span>\n\t<\/span>\n<\/h5>\n<div class=\"eltd-accordion-content\" >\n\t<div class=\"eltd-accordion-content-inner\">\n\t\t[vc_column_text]Ja! Die Teilnehmer einer Schulung bekommen ein Zertifikat, wenn alle Voraussetzungen der Schulung erf\u00fcllt sind.[\/vc_column_text]\t<\/div>\n<\/div><h5 class=\"clearfix eltd-title-holder\">\n\t<span class=\"eltd-accordion-mark eltd-left-mark\">\n\t\t<span class=\"eltd-accordion-mark-icon\">\n\t\t\t<span class=\"icon_plus\"><\/span>\n\t\t\t<span class=\"icon_minus-06\"><\/span>\n\t\t<\/span>\n\t<\/span>\n\t<span class=\"eltd-tab-title\">\n\t\t<span class=\"eltd-tab-title-inner\">\n\t\t\tVoranmeldung und Widerruf\t\t<\/span>\n\t<\/span>\n<\/h5>\n<div class=\"eltd-accordion-content\" >\n\t<div class=\"eltd-accordion-content-inner\">\n\t\t[vc_column_text]Nachdem Sie ihre Voranmeldung ausgef\u00fcllt und diese an uns per Email zur\u00fcckgesendet haben, wird der Platz f\u00fcr Sie reserviert! Sie haben die M\u00f6glichkeit zwischen 2 Zahlungsmodellen zu w\u00e4hlen:<\/p>\n<p><strong>Einmalzahlung des Gesamtbetrags <\/strong><br \/>\n(f\u00e4llig per \u00dcberweisung innerhalb von 14 Tagen nach Rechnungseingang, bei mehreren angekreuzten Schulungen, ergibt sich der Gesamtbetrag aus den einzelnen Kursgeb\u00fchren)<\/p>\n<p><strong>Ratenzahlung <\/strong><br \/>\n(50 % des Gesamtbetrags sind per \u00dcberweisung innerhalb von 14 Tagen nach Rechnungseingang zu zahlen, die Restsumme ist bis sp\u00e4testens 14 Tage vor Schulungsdatum per \u00dcberweisung zu entrichten. Bei mehreren angekreuzten Schulungen, ergibt sich der Gesamtbetrag aus den einzelnen Kursgeb\u00fchren und die Restsumme dieses Gesamtbetrags ist bis sp\u00e4testens 14 Tage vor Beginn der als Erstes stattfindenden Schulung, von denen die ausgew\u00e4hlt wurden, f\u00e4llig.)<\/p>\n<p><strong>Teilnahmebedingungen\/Widerruf<\/strong><br \/>\nDie Anmeldung via Kontaktformular ist verbindlich. Sollte es zur Absage bis zu 14 Tage vor Schulungsbeginn Ihrerseits kommen, behalten wir uns das Recht vor 50 % der Kursgeb\u00fchr einzubehalten. Bei Nichterscheinen oder kurzfristigen Absagen innerhalb 14 Tage vor Schulungsbeginn, wird die komplette Kursgeb\u00fchr f\u00e4llig![\/vc_column_text]\t<\/div>\n<\/div><h5 class=\"clearfix eltd-title-holder\">\n\t<span class=\"eltd-accordion-mark eltd-left-mark\">\n\t\t<span class=\"eltd-accordion-mark-icon\">\n\t\t\t<span class=\"icon_plus\"><\/span>\n\t\t\t<span class=\"icon_minus-06\"><\/span>\n\t\t<\/span>\n\t<\/span>\n\t<span class=\"eltd-tab-title\">\n\t\t<span class=\"eltd-tab-title-inner\">\n\t\t\tWie weit ist der n\u00e4chste Flughafen entfernt?\t\t<\/span>\n\t<\/span>\n<\/h5>\n<div class=\"eltd-accordion-content\" >\n\t<div class=\"eltd-accordion-content-inner\">\n\t\t[vc_column_text]Die Fahrtzeit vom Flughafen BER bis zur Nail Academy Olena Oezman betr\u00e4gt mit dem Auto circa 30 Minuten.<\/p>\n<p>Mit den \u00f6ffentlichen Verkehrsmitteln erreichen Sie den Flughafen BER in circa 1 h .[\/vc_column_text]\t<\/div>\n<\/div><h5 class=\"clearfix eltd-title-holder\">\n\t<span class=\"eltd-accordion-mark eltd-left-mark\">\n\t\t<span class=\"eltd-accordion-mark-icon\">\n\t\t\t<span class=\"icon_plus\"><\/span>\n\t\t\t<span class=\"icon_minus-06\"><\/span>\n\t\t<\/span>\n\t<\/span>\n\t<span class=\"eltd-tab-title\">\n\t\t<span class=\"eltd-tab-title-inner\">\n\t\t\tWie weit ist der n\u00e4chste Bahnhof?\t\t<\/span>\n\t<\/span>\n<\/h5>\n<div class=\"eltd-accordion-content\" >\n\t<div class=\"eltd-accordion-content-inner\">\n\t\t[vc_column_text]Mit dem Bus 110 (Richtung Zoologischer Garten) erreichen Sie in nur 27 Minuten den n\u00e4chsten Bahnhof- Zoologischer Garten.[\/vc_column_text]\t<\/div>\n<\/div><h5 class=\"clearfix eltd-title-holder\">\n\t<span class=\"eltd-accordion-mark eltd-left-mark\">\n\t\t<span class=\"eltd-accordion-mark-icon\">\n\t\t\t<span class=\"icon_plus\"><\/span>\n\t\t\t<span class=\"icon_minus-06\"><\/span>\n\t\t<\/span>\n\t<\/span>\n\t<span class=\"eltd-tab-title\">\n\t\t<span class=\"eltd-tab-title-inner\">\n\t\t\tWelche Hotels befinden sich in der n\u00e4her von Nail Academy Olena Oezman?\t\t<\/span>\n\t<\/span>\n<\/h5>\n<div class=\"eltd-accordion-content\" >\n\t<div class=\"eltd-accordion-content-inner\">\n\t\t[vc_column_text]Hier einige Beispiele:Hier einige Beispiele:<\/p>\n<p>HOTEL <a href=\"https:\/\/www.google.de\/search?hotel_dates=2018-03-28,2018-03-29&amp;site=async\/lcl_akp&amp;q=hotel+panorama+am+adenauerplatz+adresse&amp;stick=H4sIAAAAAAAAAOPgE-LWT9c3LCmyyM4pLtKSzU620s_JT04syczPgzOsElNSilKLiwE8ki5yLgAAAA&amp;sa=X&amp;ved=2ahUKEwiG0YuJ9frZAhVQZlAKHfSlBUsQ6BMwBHoECAAQGQ\">Panorama am Adenauerplatz<\/a><br \/>\nAdresse: Lewishamstra\u00dfe 1, 10629 Berlin<br \/>\nTelefon: 030 329040<\/p>\n<p>-HOTEL <a href=\"https:\/\/www.google.de\/search?hotel_dates=2018-03-28,2018-03-29&amp;site=async\/lcl_akp&amp;q=hotel+maison+am+adenauerplatz+adresse&amp;stick=H4sIAAAAAAAAAOPgE-LWT9c3LEkzKjIvNNaSzU620s_JT04syczPgzOsElNSilKLiwGR6IF9LgAAAA&amp;sa=X&amp;ved=2ahUKEwjGrcD29frZAhWEK1AKHRg2Bf8Q6BMwBHoECAAQGA\">Maison am Adenauerplatz<\/a><br \/>\nAdresse: Brandenburgische Str. 37, 10707 Berlin<br \/>\nTelefon: 030 60502626<\/p>\n<p>Jedoch ist Berlin sehr gut mit guten und g\u00fcnstigen Hotels ausgestattet. Jedes Hotel am Ku\u2019damm gilt als nah zur Academy![\/vc_column_text]\t<\/div>\n<\/div><h5 class=\"clearfix eltd-title-holder\">\n\t<span class=\"eltd-accordion-mark eltd-left-mark\">\n\t\t<span class=\"eltd-accordion-mark-icon\">\n\t\t\t<span class=\"icon_plus\"><\/span>\n\t\t\t<span class=\"icon_minus-06\"><\/span>\n\t\t<\/span>\n\t<\/span>\n\t<span class=\"eltd-tab-title\">\n\t\t<span class=\"eltd-tab-title-inner\">\n\t\t\tVerpflegung\t\t<\/span>\n\t<\/span>\n<\/h5>\n<div class=\"eltd-accordion-content\" >\n\t<div class=\"eltd-accordion-content-inner\">\n\t\t[vc_column_text]Vor Ort stehen Getr\u00e4nke und Snacks f\u00fcr Sie bereit.<\/p>\n<p>Wenn Sie eine vollwertige Mahlzeit ben\u00f6tigen, haben Sie die M\u00f6glichkeit Ihr Essen mitzubringen und in der Mikrowelle zu erw\u00e4rmen[\/vc_column_text]\t<\/div>\n<\/div><\/div>[\/vc_column][\/vc_row]<\/p>\n","protected":false},"excerpt":{"rendered":"<p>[vc_row content_width=&#8220;grid&#8220; center_bck_image=&#8220;no&#8220; css=&#8220;.vc_custom_1513420812306{padding-top: 50px !important;padding-bottom: 50px !important;}&#8220;][vc_column offset=&#8220;vc_col-lg-6 vc_col-md-12&#8243;][vc_single_image image=&#8220;17151&#8243; img_size=&#8220;full&#8220;][\/vc_column][vc_column offset=&#8220;vc_col-lg-6 vc_col-md-12&#8243;][vc_column_text] Sie haben Fragen? Hier finden Sie Antworten. Falls Sie doch keine passende Antwort gefunden haben, bitte kontaktieren sie uns \u00fcber Kontaktformular. [\/vc_column_text][\/vc_column][\/vc_row][vc_row content_width=&#8220;grid&#8220; center_bck_image=&#8220;no&#8220; css=&#8220;.vc_custom_1476104476383{padding-top: 100px !important;padding-bottom: 100px !important;background-color: #f3f2f2 !important;}&#8220;][vc_column][\/vc_column][\/vc_row]<\/p>\n","protected":false},"author":1,"featured_media":0,"parent":0,"menu_order":0,"comment_status":"closed","ping_status":"closed","template":"full-width.php","meta":[],"_links":{"self":[{"href":"https:\/\/xn--ngel-in-perfektion-ltb.de\/index.php\/wp-json\/wp\/v2\/pages\/10792"}],"collection":[{"href":"https:\/\/xn--ngel-in-perfektion-ltb.de\/index.php\/wp-json\/wp\/v2\/pages"}],"about":[{"href":"https:\/\/xn--ngel-in-perfektion-ltb.de\/index.php\/wp-json\/wp\/v2\/types\/page"}],"author":[{"embeddable":true,"href":"https:\/\/xn--ngel-in-perfektion-ltb.de\/index.php\/wp-json\/wp\/v2\/users\/1"}],"replies":[{"embeddable":true,"href":"https:\/\/xn--ngel-in-perfektion-ltb.de\/index.php\/wp-json\/wp\/v2\/comments?post=10792"}],"version-history":[{"count":25,"href":"https:\/\/xn--ngel-in-perfektion-ltb.de\/index.php\/wp-json\/wp\/v2\/pages\/10792\/revisions"}],"predecessor-version":[{"id":17307,"href":"https:\/\/xn--ngel-in-perfektion-ltb.de\/index.php\/wp-json\/wp\/v2\/pages\/10792\/revisions\/17307"}],"wp:attachment":[{"href":"https:\/\/xn--ngel-in-perfektion-ltb.de\/index.php\/wp-json\/wp\/v2\/media?parent=10792"}],"curies":[{"name":"wp","href":"https:\/\/api.w.org\/{rel}","templated":true}]}}