{"id":10158,"date":"2017-06-20T13:47:04","date_gmt":"2017-06-20T13:47:04","guid":{"rendered":"http:\/\/luxio.dev\/?page_id=10158"},"modified":"2022-08-04T14:16:29","modified_gmt":"2022-08-04T12:16:29","slug":"home","status":"publish","type":"page","link":"https:\/\/xn--ngel-in-perfektion-ltb.de\/","title":{"rendered":"Home"},"content":{"rendered":"<p>[vc_row center_bck_image=&#8220;no&#8220;][vc_column]\n<div id=\"rev_slider_5_1_wrapper\" class=\"rev_slider_wrapper fullwidthbanner-container\" data-source=\"gallery\" style=\"margin:0px auto;background:transparent;padding:0px;margin-top:0px;margin-bottom:0px;\">\n<!-- START REVOLUTION SLIDER 5.4.8.3 auto mode -->\n\t<div id=\"rev_slider_5_1\" class=\"rev_slider fullwidthabanner\" style=\"display:none;\" data-version=\"5.4.8.3\">\n<ul>\t<!-- SLIDE  -->\n\t<li data-index=\"rs-45\" data-transition=\"fade\" data-slotamount=\"7\" data-hideafterloop=\"0\" data-hideslideonmobile=\"off\"  data-easein=\"default\" data-easeout=\"default\" data-masterspeed=\"300\"  data-thumb=\"https:\/\/xn--ngel-in-perfektion-ltb.de\/wp-content\/uploads\/2022\/08\/56-2-scaled-100x50.jpg\"  data-rotate=\"0\"  data-saveperformance=\"off\"  data-title=\"Slide\" data-param1=\"\" data-param2=\"\" data-param3=\"\" data-param4=\"\" data-param5=\"\" data-param6=\"\" data-param7=\"\" data-param8=\"\" data-param9=\"\" data-param10=\"\" data-description=\"\">\n\t\t<!-- MAIN IMAGE -->\n\t\t<img src=\"https:\/\/xn--ngel-in-perfektion-ltb.de\/wp-content\/plugins\/revslider\/admin\/assets\/images\/dummy.png\"  alt=\"\" title=\"56\"  width=\"2560\" height=\"810\" data-lazyload=\"https:\/\/xn--ngel-in-perfektion-ltb.de\/wp-content\/uploads\/2022\/08\/56-2-scaled.jpg\" data-bgposition=\"center center\" data-bgfit=\"cover\" data-bgrepeat=\"no-repeat\" data-bgparallax=\"off\" class=\"rev-slidebg\" data-no-retina>\n\t\t<!-- LAYERS -->\n\t<\/li>\n\t<!-- SLIDE  -->\n\t<li data-index=\"rs-42\" data-transition=\"fade\" data-slotamount=\"7\" data-hideafterloop=\"0\" data-hideslideonmobile=\"off\"  data-easein=\"default\" data-easeout=\"default\" data-masterspeed=\"300\"  data-thumb=\"https:\/\/xn--ngel-in-perfektion-ltb.de\/wp-content\/uploads\/2022\/08\/5-scaled-100x50.jpg\"  data-rotate=\"0\"  data-saveperformance=\"off\"  data-title=\"Slide\" data-param1=\"\" data-param2=\"\" data-param3=\"\" data-param4=\"\" data-param5=\"\" data-param6=\"\" data-param7=\"\" data-param8=\"\" data-param9=\"\" data-param10=\"\" data-description=\"\">\n\t\t<!-- MAIN IMAGE -->\n\t\t<img src=\"https:\/\/xn--ngel-in-perfektion-ltb.de\/wp-content\/plugins\/revslider\/admin\/assets\/images\/dummy.png\"  alt=\"\" title=\"5\"  width=\"2560\" height=\"810\" data-lazyload=\"https:\/\/xn--ngel-in-perfektion-ltb.de\/wp-content\/uploads\/2022\/08\/5-scaled.jpg\" data-bgposition=\"center center\" data-bgfit=\"cover\" data-bgrepeat=\"no-repeat\" data-bgparallax=\"off\" class=\"rev-slidebg\" data-no-retina>\n\t\t<!-- LAYERS -->\n\t<\/li>\n\t<!-- SLIDE  -->\n\t<li data-index=\"rs-40\" data-transition=\"fade\" data-slotamount=\"7\" data-hideafterloop=\"0\" data-hideslideonmobile=\"off\"  data-easein=\"default\" data-easeout=\"default\" data-masterspeed=\"300\"  data-thumb=\"https:\/\/xn--ngel-in-perfektion-ltb.de\/wp-content\/uploads\/2022\/08\/7-scaled-100x50.jpg\"  data-rotate=\"0\"  data-saveperformance=\"off\"  data-title=\"Slide\" data-param1=\"\" data-param2=\"\" data-param3=\"\" data-param4=\"\" data-param5=\"\" data-param6=\"\" data-param7=\"\" data-param8=\"\" data-param9=\"\" data-param10=\"\" data-description=\"\">\n\t\t<!-- MAIN IMAGE -->\n\t\t<img src=\"https:\/\/xn--ngel-in-perfektion-ltb.de\/wp-content\/plugins\/revslider\/admin\/assets\/images\/dummy.png\"  alt=\"\" title=\"7\"  width=\"2560\" height=\"810\" data-lazyload=\"https:\/\/xn--ngel-in-perfektion-ltb.de\/wp-content\/uploads\/2022\/08\/7-scaled.jpg\" data-bgposition=\"center center\" data-bgfit=\"cover\" data-bgrepeat=\"no-repeat\" data-bgparallax=\"off\" class=\"rev-slidebg\" data-no-retina>\n\t\t<!-- LAYERS -->\n\t<\/li>\n\t<!-- SLIDE  -->\n\t<li data-index=\"rs-41\" data-transition=\"fade\" data-slotamount=\"7\" data-hideafterloop=\"0\" data-hideslideonmobile=\"off\"  data-easein=\"default\" data-easeout=\"default\" data-masterspeed=\"300\"  data-thumb=\"https:\/\/xn--ngel-in-perfektion-ltb.de\/wp-content\/uploads\/2022\/08\/10-scaled-100x50.jpg\"  data-rotate=\"0\"  data-saveperformance=\"off\"  data-title=\"Slide\" data-param1=\"\" data-param2=\"\" data-param3=\"\" data-param4=\"\" data-param5=\"\" data-param6=\"\" data-param7=\"\" data-param8=\"\" data-param9=\"\" data-param10=\"\" data-description=\"\">\n\t\t<!-- MAIN IMAGE -->\n\t\t<img src=\"https:\/\/xn--ngel-in-perfektion-ltb.de\/wp-content\/plugins\/revslider\/admin\/assets\/images\/dummy.png\"  alt=\"\" title=\"10\"  width=\"2560\" height=\"810\" data-lazyload=\"https:\/\/xn--ngel-in-perfektion-ltb.de\/wp-content\/uploads\/2022\/08\/10-scaled.jpg\" data-bgposition=\"center center\" data-bgfit=\"cover\" data-bgrepeat=\"no-repeat\" data-bgparallax=\"off\" class=\"rev-slidebg\" data-no-retina>\n\t\t<!-- LAYERS -->\n\t<\/li>\n<\/ul>\n<script>var htmlDiv = document.getElementById(\"rs-plugin-settings-inline-css\"); var htmlDivCss=\"\";\r\n\t\t\t\t\t\tif(htmlDiv) {\r\n\t\t\t\t\t\t\thtmlDiv.innerHTML = htmlDiv.innerHTML + htmlDivCss;\r\n\t\t\t\t\t\t}else{\r\n\t\t\t\t\t\t\tvar htmlDiv = document.createElement(\"div\");\r\n\t\t\t\t\t\t\thtmlDiv.innerHTML = \"<style>\" + htmlDivCss + \"<\/style>\";\r\n\t\t\t\t\t\t\tdocument.getElementsByTagName(\"head\")[0].appendChild(htmlDiv.childNodes[0]);\r\n\t\t\t\t\t\t}\r\n\t\t\t\t\t<\/script>\n<div class=\"tp-bannertimer\" style=\"height: 5px; background: rgba(0,0,0,0.15);\"><\/div>\t<\/div>\n<script>var htmlDiv = document.getElementById(\"rs-plugin-settings-inline-css\"); var htmlDivCss=\"\";\r\n\t\t\t\tif(htmlDiv) {\r\n\t\t\t\t\thtmlDiv.innerHTML = htmlDiv.innerHTML + htmlDivCss;\r\n\t\t\t\t}else{\r\n\t\t\t\t\tvar htmlDiv = document.createElement(\"div\");\r\n\t\t\t\t\thtmlDiv.innerHTML = \"<style>\" + htmlDivCss + \"<\/style>\";\r\n\t\t\t\t\tdocument.getElementsByTagName(\"head\")[0].appendChild(htmlDiv.childNodes[0]);\r\n\t\t\t\t}\r\n\t\t\t<\/script>\n\t\t<script type=\"text\/javascript\">\r\nif (setREVStartSize!==undefined) setREVStartSize(\r\n\t{c: '#rev_slider_5_1', responsiveLevels: [1240,1024,778,480], gridwidth: [1240,1024,778,480], gridheight: [600,768,960,720], sliderLayout: 'auto'});\r\n\t\t\t\r\nvar revapi5,\r\n\ttpj;\t\r\n(function() {\t\t\t\r\n\tif (!\/loaded|interactive|complete\/.test(document.readyState)) document.addEventListener(\"DOMContentLoaded\",onLoad); else onLoad();\t\r\n\tfunction onLoad() {\t\t\t\t\r\n\t\tif (tpj===undefined) { tpj = jQuery; if(\"off\" == \"on\") tpj.noConflict();}\r\n\tif(tpj(\"#rev_slider_5_1\").revolution == undefined){\n\t\trevslider_showDoubleJqueryError(\"#rev_slider_5_1\");\n\t}else{\n\t\trevapi5 = tpj(\"#rev_slider_5_1\").show().revolution({\n\t\t\tsliderType:\"standard\",\n\t\t\tjsFileLocation:\"\/\/xn--ngel-in-perfektion-ltb.de\/wp-content\/plugins\/revslider\/public\/assets\/js\/\",\n\t\t\tsliderLayout:\"auto\",\n\t\t\tdottedOverlay:\"none\",\n\t\t\tdelay:9000,\n\t\t\tnavigation: {\n\t\t\t\tkeyboardNavigation:\"off\",\n\t\t\t\tkeyboard_direction: \"horizontal\",\n\t\t\t\tmouseScrollNavigation:\"off\",\n \t\t\t\t\t\t\tmouseScrollReverse:\"default\",\n\t\t\t\tonHoverStop:\"on\",\n\t\t\t\ttouch:{\n\t\t\t\t\ttouchenabled:\"on\",\n\t\t\t\t\ttouchOnDesktop:\"off\",\n\t\t\t\t\tswipe_threshold: 75,\n\t\t\t\t\tswipe_min_touches: 50,\n\t\t\t\t\tswipe_direction: \"horizontal\",\n\t\t\t\t\tdrag_block_vertical: false\n\t\t\t\t}\n\t\t\t\t,\n\t\t\t\tarrows: {\n\t\t\t\t\tstyle:\"hesperiden\",\n\t\t\t\t\tenable:true,\n\t\t\t\t\thide_onmobile:true,\n\t\t\t\t\thide_under:600,\n\t\t\t\t\thide_onleave:true,\n\t\t\t\t\thide_delay:200,\n\t\t\t\t\thide_delay_mobile:1200,\n\t\t\t\t\ttmp:'',\n\t\t\t\t\tleft: {\n\t\t\t\t\t\th_align:\"left\",\n\t\t\t\t\t\tv_align:\"center\",\n\t\t\t\t\t\th_offset:30,\n\t\t\t\t\t\tv_offset:0\n\t\t\t\t\t},\n\t\t\t\t\tright: {\n\t\t\t\t\t\th_align:\"right\",\n\t\t\t\t\t\tv_align:\"center\",\n\t\t\t\t\t\th_offset:30,\n\t\t\t\t\t\tv_offset:0\n\t\t\t\t\t}\n\t\t\t\t}\n\t\t\t\t,\n\t\t\t\tbullets: {\n\t\t\t\t\tenable:true,\n\t\t\t\t\thide_onmobile:true,\n\t\t\t\t\thide_under:600,\n\t\t\t\t\tstyle:\"hephaistos\",\n\t\t\t\t\thide_onleave:true,\n\t\t\t\t\thide_delay:200,\n\t\t\t\t\thide_delay_mobile:1200,\n\t\t\t\t\tdirection:\"horizontal\",\n\t\t\t\t\th_align:\"center\",\n\t\t\t\t\tv_align:\"bottom\",\n\t\t\t\t\th_offset:0,\n\t\t\t\t\tv_offset:30,\n\t\t\t\t\tspace:5,\n\t\t\t\t\ttmp:''\n\t\t\t\t}\n\t\t\t},\n\t\t\tresponsiveLevels:[1240,1024,778,480],\n\t\t\tvisibilityLevels:[1240,1024,778,480],\n\t\t\tgridwidth:[1240,1024,778,480],\n\t\t\tgridheight:[600,768,960,720],\n\t\t\tlazyType:\"smart\",\n\t\t\tparallax: {\n\t\t\t\ttype:\"mouse\",\n\t\t\t\torigo:\"slidercenter\",\n\t\t\t\tspeed:2000,\n\t\t\t\tspeedbg:0,\n\t\t\t\tspeedls:0,\n\t\t\t\tlevels:[2,3,4,5,6,7,12,16,10,50,47,48,49,50,51,55],\n\t\t\t},\n\t\t\tshadow:0,\n\t\t\tspinner:\"off\",\n\t\t\tstopLoop:\"off\",\n\t\t\tstopAfterLoops:-1,\n\t\t\tstopAtSlide:-1,\n\t\t\tshuffle:\"off\",\n\t\t\tautoHeight:\"off\",\n\t\t\thideThumbsOnMobile:\"off\",\n\t\t\thideSliderAtLimit:0,\n\t\t\thideCaptionAtLimit:0,\n\t\t\thideAllCaptionAtLilmit:0,\n\t\t\tdebugMode:false,\n\t\t\tfallbacks: {\n\t\t\t\tsimplifyAll:\"off\",\n\t\t\t\tnextSlideOnWindowFocus:\"off\",\n\t\t\t\tdisableFocusListener:false,\n\t\t\t}\n\t\t});\n\t}; \/* END OF revapi call *\/\n\t\n }; \/* END OF ON LOAD FUNCTION *\/\r\n}()); \/* END OF WRAPPING FUNCTION *\/\r\n<\/script>\r\n\t\t<script>\r\n\t\t\t\t\tvar htmlDivCss = unescape(\".hesperiden.tparrows%20%7B%0A%09cursor%3Apointer%3B%0A%09background%3Argba%280%2C0%2C0%2C0.5%29%3B%0A%09width%3A40px%3B%0A%09height%3A40px%3B%0A%09position%3Aabsolute%3B%0A%09display%3Ablock%3B%0A%09z-index%3A100%3B%0A%20%20%20%20border-radius%3A%2050%25%3B%0A%7D%0A.hesperiden.tparrows%3Ahover%20%7B%0A%09background%3Argba%280%2C%200%2C%200%2C%201%29%3B%0A%7D%0A.hesperiden.tparrows%3Abefore%20%7B%0A%09font-family%3A%20%22revicons%22%3B%0A%09font-size%3A20px%3B%0A%09color%3Argb%28255%2C%20255%2C%20255%29%3B%0A%09display%3Ablock%3B%0A%09line-height%3A%2040px%3B%0A%09text-align%3A%20center%3B%0A%7D%0A.hesperiden.tparrows.tp-leftarrow%3Abefore%20%7B%0A%09content%3A%20%22%5Ce82c%22%3B%0A%20%20%20%20margin-left%3A-3px%3B%0A%7D%0A.hesperiden.tparrows.tp-rightarrow%3Abefore%20%7B%0A%09content%3A%20%22%5Ce82d%22%3B%0A%20%20%20%20margin-right%3A-3px%3B%0A%7D%0A.hephaistos%20.tp-bullet%20%7B%0A%09width%3A12px%3B%0A%09height%3A12px%3B%0A%09position%3Aabsolute%3B%0A%09background%3Argba%28153%2C%20153%2C%20153%2C%201%29%3B%0A%09border%3A3px%20solid%20rgba%28255%2C255%2C255%2C0.9%29%3B%0A%09border-radius%3A50%25%3B%0A%09cursor%3A%20pointer%3B%0A%09box-sizing%3Acontent-box%3B%0A%20%20%20%20box-shadow%3A%200px%200px%202px%201px%20rgba%28130%2C130%2C130%2C%200.3%29%3B%0A%7D%0A.hephaistos%20.tp-bullet%3Ahover%2C%0A.hephaistos%20.tp-bullet.selected%20%7B%0A%09background%3Argba%28255%2C%20255%2C%20255%2C%201%29%3B%0A%20%20%20%20border-color%3Argba%280%2C%200%2C%200%2C%201%29%3B%0A%7D%0A\");\r\n\t\t\t\t\tvar htmlDiv = document.getElementById('rs-plugin-settings-inline-css');\r\n\t\t\t\t\tif(htmlDiv) {\r\n\t\t\t\t\t\thtmlDiv.innerHTML = htmlDiv.innerHTML + htmlDivCss;\r\n\t\t\t\t\t}\r\n\t\t\t\t\telse{\r\n\t\t\t\t\t\tvar htmlDiv = document.createElement('div');\r\n\t\t\t\t\t\thtmlDiv.innerHTML = '<style>' + htmlDivCss + '<\/style>';\r\n\t\t\t\t\t\tdocument.getElementsByTagName('head')[0].appendChild(htmlDiv.childNodes[0]);\r\n\t\t\t\t\t}\r\n\t\t\t\t  <\/script>\r\n\t\t\t\t<\/div><!-- END REVOLUTION SLIDER -->[\/vc_column][\/vc_row][vc_row center_bck_image=&#8220;no&#8220; css=&#8220;.vc_custom_1515187626348{background-color: #f3f2f2 !important;}&#8220;][vc_column][vc_empty_space height=&#8220;52px&#8220;][vc_row_inner content_width=&#8220;grid&#8220;][vc_column_inner width=&#8220;1\/4&#8243;][vc_single_image image=&#8220;17108&#8243; img_size=&#8220;full&#8220;][\/vc_column_inner][vc_column_inner width=&#8220;3\/4&#8243;]<div class=\"eltd-section-title-outer-holder\" style=\"text-align: left\">\n\n    \t<div class=\"eltd-section-title-title-holder\">\n\t\t<h2 class=\"eltd-section-title\" style=\";font-size: 28px;;;line-height: 35px;text-transform: None;;\">\n\t\t\tModernes Schulungskonzept mit Theorie und Praxis!\t\t<\/h2>\n\t<\/div>\n    \t<span class=\"eltd-title-separator \"><\/span>\n             <div class=\"eltd-section-subtitle-holder\">\n            <h5 class=\"eltd-section-subtitle\" style=\"font-family: Raleway;font-size: 16px;;font-weight: 300;line-height: 25px;;letter-spacing: -0.5px\" >\n            Seit Jahren habe ich an einem Konzept zur fachm\u00e4nnischen Weiterbildung gearbeitet! Mein Traum ist es, dass die Bezeichnung ,,Nageltante`` nicht mehr unseren Beruf definiert. Nageldesign ist fachlich ein sehr komplexes Handwerk. Von dem Verst\u00e4ndnis f\u00fcr Chemie, bis zur Anatomie und der respektvollen Arbeit dem Kunden gegen\u00fcber! Unsere Schulungen beinhalten alle einen Teil des theoretischen Wissens. Dieser Aspekt liegt mir sehr am Herzen. Denn durch Wissen verdient man sich Anerkennung und Respekt. Jedoch alleine die Theorie w\u00e4re etwas zu wenig. In meinen Schulungen lege ich sehr gro\u00dfen Wert darauf, dass ausreichend praktische Erfahrung gegeben ist! Wir helfen Ihnen bei der Suche nach den Modellen. Sie arbeiten eins oder auch mehrere Modelle, je nach Schulungsthema. So empfinden wir die Situation des \u201eStudioalltags`` nach, um Ihnen besser helfen zu k\u00f6nnen!        <\/h5>\n        <\/div>\n    \n<\/div>[\/vc_column_inner][\/vc_row_inner][\/vc_column][\/vc_row][vc_row center_bck_image=&#8220;no&#8220; css=&#8220;.vc_custom_1515187626348{background-color: #f3f2f2 !important;}&#8220;][vc_column][vc_empty_space][vc_row_inner content_width=&#8220;grid&#8220;][vc_column_inner width=&#8220;2\/3&#8243; offset=&#8220;vc_hidden-md vc_hidden-sm vc_hidden-xs&#8220;]<div class=\"eltd-section-title-outer-holder\" style=\"text-align: left\">\n\n    \t<div class=\"eltd-section-title-title-holder\">\n\t\t<h2 class=\"eltd-section-title\" style=\";font-size: 28px;;;line-height: 35px;text-transform: None;;\">\n\t\t\tWarum sollten Sie sich f\u00fcr uns entscheiden?\t\t<\/h2>\n\t<\/div>\n    \t<span class=\"eltd-title-separator \"><\/span>\n             <div class=\"eltd-section-subtitle-holder\">\n            <h5 class=\"eltd-section-subtitle\" style=\"font-family: Raleway;font-size: 16px;;font-weight: 300;line-height: 25px;;letter-spacing: -0.5px\" >\n            Seit Jahren f\u00fchre ich erfolgreich ein eigenes Nagelstudio! Ein stabiler Kundenstamm beweist ein Gesp\u00fcr f\u00fcr Trends und W\u00fcnsche, die die Kunden heutzutage haben! Die Herausforderung, die eigene Zeit so einzuteilen, dass ein guter Service innerhalb einer Stunde m\u00f6glich ist und dass man sich trotzdem stetig weiter entwickeln und neue Wege gehen kann, gibt mir die M\u00f6glichkeit, aus eigener Erfahrung zu sprechen und ganz gezielt dieses Wissen in Schulungen einzusetzen! Die Liebe zur Perfektion, das Bed\u00fcrfnis die Abl\u00e4ufe zu optimieren, der Einsatz moderner Techniken, die Erfahrung von zahlreichen Meisterschaften! Mein Konzept der Weiterbildung ist mit viel Liebe zum Beruf aufgebaut. Mein Wunsch ist es, meine Geheimnisse und mein Wissen, mit meinen Sch\u00fclern zu teilen!        <\/h5>\n        <\/div>\n    \n<\/div>[\/vc_column_inner][vc_column_inner width=&#8220;1\/3&#8243; offset=&#8220;vc_hidden-md vc_hidden-sm vc_hidden-xs&#8220;][vc_single_image image=&#8220;17099&#8243; img_size=&#8220;full&#8220;][\/vc_column_inner][\/vc_row_inner][\/vc_column][\/vc_row][vc_row center_bck_image=&#8220;no&#8220; css=&#8220;.vc_custom_1515187626348{background-color: #f3f2f2 !important;}&#8220;][vc_column][vc_empty_space][vc_row_inner content_width=&#8220;grid&#8220;][vc_column_inner offset=&#8220;vc_hidden-lg&#8220;][vc_single_image image=&#8220;17099&#8243; img_size=&#8220;full&#8220;]<div class=\"eltd-section-title-outer-holder\" style=\"text-align: left\">\n\n    \t<div class=\"eltd-section-title-title-holder\">\n\t\t<h2 class=\"eltd-section-title\" style=\";font-size: 28px;;;line-height: 35px;text-transform: None;;\">\n\t\t\tWarum sollten Sie sich f\u00fcr uns entscheiden?\t\t<\/h2>\n\t<\/div>\n    \t<span class=\"eltd-title-separator \"><\/span>\n             <div class=\"eltd-section-subtitle-holder\">\n            <h5 class=\"eltd-section-subtitle\" style=\"font-family: Raleway;font-size: 16px;;font-weight: 300;line-height: 25px;;letter-spacing: -0.5px\" >\n            Seit Jahren f\u00fchre ich erfolgreich ein eigenes Nagelstudio! Ein stabiler Kundenstamm beweist ein Gesp\u00fcr f\u00fcr Trends und W\u00fcnschen, die die Kunden Heutzutage haben! Die Herausforderung, die eigene Zeit so einzuteilen, dass ein guter Service innerhalb einer Stunde m\u00f6glich ist und dass man sich trotzdem stetig weiter entwickeln und neue Wege gehen kann, gibt mir die M\u00f6glichkeit, aus eigener Erfahrung zu sprechen und ganz gezielt dieses Wissen in Schulungen einzusetzen! Die Liebe zur Perfektion, das Bed\u00fcrfnis die Abl\u00e4ufe zu optimieren, der Einsatz moderner Techniken, die Erfahrung von zahlreichen Meisterschaften! Mein Konzept der Weiterbildung ist mit viel Liebe zum Beruf aufgebaut. Mein Wunsch ist es, meine Geheimnisse und mein Wissen, mit meinen Sch\u00fclern zu teilen!        <\/h5>\n        <\/div>\n    \n<\/div>[\/vc_column_inner][\/vc_row_inner][\/vc_column][\/vc_row][vc_row center_bck_image=&#8220;no&#8220; css=&#8220;.vc_custom_1515187626348{background-color: #f3f2f2 !important;}&#8220;][vc_column][vc_empty_space][vc_row_inner content_width=&#8220;grid&#8220;][vc_column_inner width=&#8220;1\/3&#8243;][vc_single_image image=&#8220;17104&#8243; img_size=&#8220;full&#8220;][\/vc_column_inner][vc_column_inner width=&#8220;2\/3&#8243;]<div class=\"eltd-section-title-outer-holder\" style=\"text-align: left\">\n\n    \t<div class=\"eltd-section-title-title-holder\">\n\t\t<h2 class=\"eltd-section-title\" style=\";font-size: 28px;;;line-height: 35px;text-transform: None;;\">\n\t\t\tZertifizierte Kurse!\t\t<\/h2>\n\t<\/div>\n    \t<span class=\"eltd-title-separator \"><\/span>\n             <div class=\"eltd-section-subtitle-holder\">\n            <h5 class=\"eltd-section-subtitle\" style=\"font-family: Raleway;font-size: 16px;;font-weight: 300;line-height: 25px;;letter-spacing: -0.5px\" >\n            In der Zusammenarbeit mit der Kanadischen Marke Akzentz, bin ich seit 2011 eine zertifizierte ACE Akz\u00e9ntz Ausbilderin und seit 2019 habe ich auch die ICE-Zertifirierung von Akz\u00e9ntz! Zu dem Zertifikat der Olena \u00d6zman Nail Academy gibt es auch die Zertifikate der Marke Akzentz und Luxio! Diese weltweit vertretene Marke steht f\u00fcr h\u00f6chste Qualit\u00e4t der Produkte!        <\/h5>\n        <\/div>\n    \n<\/div>[\/vc_column_inner][\/vc_row_inner][vc_empty_space height=&#8220;10px&#8220;][\/vc_column][\/vc_row][vc_row content_width=&#8220;grid&#8220; content_aligment=&#8220;right&#8220; center_bck_image=&#8220;no&#8220; css=&#8220;.vc_custom_1477470885340{padding-top: 100px !important;padding-bottom: 20px !important;}&#8220;][vc_column offset=&#8220;vc_col-lg-6 vc_col-md-12&#8243;]<div class=\"eltd-section-title-outer-holder\" style=\"text-align: right\">\n\n    \t<div class=\"eltd-section-title-title-holder\">\n\t\t<h2 class=\"eltd-section-title\" style=\";font-size: 35px;;;;text-transform: None;letter-spacing: -2px;\">\n\t\t\tModerne, fundierte Schulungskonzepte\t\t<\/h2>\n\t<\/div>\n    \t<span class=\"eltd-title-separator \"><\/span>\n    \n<\/div>[vc_empty_space height=&#8220;2px&#8220;][vc_column_text]Mein Weg zu diesem verantwortungsvollen Schritt war nicht einfach. Ich bin mir voll und ganz der Herausforderung bewusst, dass nur durch Qualit\u00e4t, Hingabe und moderne und einzigartige Techniken, ich und mein Team, Ihnen die M\u00f6glichkeit der pers\u00f6nlichen Weiterbildung erm\u00f6glichen k\u00f6nnen!<br \/>\nAlle Kurse und Themen sind aktuell und an die Anspr\u00fcche der heutigen Zeit angepasst!<br \/>\nIch pr\u00e4sentiere eigens entwickelte Programme, so wie auch Kurse der renommierten russischen <b>Level Up Nails und Nail Future Pro Schulen,<\/b> deren Schulungspartner ich bin![\/vc_column_text][vc_empty_space height=&#8220;30px&#8220;]<a href=\"https:\/\/nailacademy-online.com\/\" target=\"_self\"  class=\"eltd-btn eltd-btn-medium eltd-btn-solid eltd-btn-gradient_hover\" data-solid-start-background-color=\"#383838\" >\n    <span class=\"eltd-btn-text\">Zu den Onlinekursen<\/span>\n    <\/a>[vc_empty_space height=&#8220;40px&#8220;][\/vc_column][vc_column offset=&#8220;vc_col-lg-6 vc_col-md-12&#8243;][vc_single_image image=&#8220;10573&#8243; img_size=&#8220;full&#8220; alignment=&#8220;center&#8220;][vc_empty_space height=&#8220;40px&#8220;][\/vc_column][\/vc_row][vc_row content_width=&#8220;grid&#8220; center_bck_image=&#8220;no&#8220;][vc_column]<div class=\"eltd-image-gallery\">\n\t<div class=\"eltd-image-gallery-grid eltd-gallery-columns-3 \" >\n\t\t\t\t\t<div class=\"eltd-gallery-image\">\n\t\t\t\t\t\t\t\t<a href=\"https:\/\/xn--ngel-in-perfektion-ltb.de\/wp-content\/uploads\/2022\/08\/photo16594429312.jpeg\" data-rel=\"prettyPhoto[single_pretty_photo]\" title=\"photo1659442931(2)\">\n\t\t\t\t\t\t\t\t\t\t\t\t\t\t\t\t<img width=\"1079\" height=\"1071\" src=\"https:\/\/xn--ngel-in-perfektion-ltb.de\/wp-content\/uploads\/2022\/08\/photo16594429312.jpeg\" class=\"attachment-full size-full\" alt=\"\" loading=\"lazy\" srcset=\"https:\/\/xn--ngel-in-perfektion-ltb.de\/wp-content\/uploads\/2022\/08\/photo16594429312.jpeg 1079w, https:\/\/xn--ngel-in-perfektion-ltb.de\/wp-content\/uploads\/2022\/08\/photo16594429312-300x298.jpeg 300w, https:\/\/xn--ngel-in-perfektion-ltb.de\/wp-content\/uploads\/2022\/08\/photo16594429312-1024x1016.jpeg 1024w, https:\/\/xn--ngel-in-perfektion-ltb.de\/wp-content\/uploads\/2022\/08\/photo16594429312-150x150.jpeg 150w, https:\/\/xn--ngel-in-perfektion-ltb.de\/wp-content\/uploads\/2022\/08\/photo16594429312-768x762.jpeg 768w\" sizes=\"(max-width: 1079px) 100vw, 1079px\" \/>\t\t\t\t\t\t\t\t\t\t\t\t\t\t<\/a>\n\t\t\t\t\t\t<\/div>\n\t\t\t\t\t<div class=\"eltd-gallery-image\">\n\t\t\t\t\t\t\t\t<a href=\"https:\/\/xn--ngel-in-perfektion-ltb.de\/wp-content\/uploads\/2022\/08\/photo16594429311-1.jpeg\" data-rel=\"prettyPhoto[single_pretty_photo]\" title=\"photo1659442931(1)\">\n\t\t\t\t\t\t\t\t\t\t\t\t\t\t\t\t<img width=\"1079\" height=\"1071\" src=\"https:\/\/xn--ngel-in-perfektion-ltb.de\/wp-content\/uploads\/2022\/08\/photo16594429311-1.jpeg\" class=\"attachment-full size-full\" alt=\"\" loading=\"lazy\" srcset=\"https:\/\/xn--ngel-in-perfektion-ltb.de\/wp-content\/uploads\/2022\/08\/photo16594429311-1.jpeg 1079w, https:\/\/xn--ngel-in-perfektion-ltb.de\/wp-content\/uploads\/2022\/08\/photo16594429311-1-300x298.jpeg 300w, https:\/\/xn--ngel-in-perfektion-ltb.de\/wp-content\/uploads\/2022\/08\/photo16594429311-1-1024x1016.jpeg 1024w, https:\/\/xn--ngel-in-perfektion-ltb.de\/wp-content\/uploads\/2022\/08\/photo16594429311-1-150x150.jpeg 150w, https:\/\/xn--ngel-in-perfektion-ltb.de\/wp-content\/uploads\/2022\/08\/photo16594429311-1-768x762.jpeg 768w\" sizes=\"(max-width: 1079px) 100vw, 1079px\" \/>\t\t\t\t\t\t\t\t\t\t\t\t\t\t<\/a>\n\t\t\t\t\t\t<\/div>\n\t\t\t\t\t<div class=\"eltd-gallery-image\">\n\t\t\t\t\t\t\t\t<a href=\"https:\/\/xn--ngel-in-perfektion-ltb.de\/wp-content\/uploads\/2022\/08\/photo1659442931.jpeg\" data-rel=\"prettyPhoto[single_pretty_photo]\" title=\"photo1659442931\">\n\t\t\t\t\t\t\t\t\t\t\t\t\t\t\t\t<img width=\"1079\" height=\"1071\" src=\"https:\/\/xn--ngel-in-perfektion-ltb.de\/wp-content\/uploads\/2022\/08\/photo1659442931.jpeg\" class=\"attachment-full size-full\" alt=\"\" loading=\"lazy\" srcset=\"https:\/\/xn--ngel-in-perfektion-ltb.de\/wp-content\/uploads\/2022\/08\/photo1659442931.jpeg 1079w, https:\/\/xn--ngel-in-perfektion-ltb.de\/wp-content\/uploads\/2022\/08\/photo1659442931-300x298.jpeg 300w, https:\/\/xn--ngel-in-perfektion-ltb.de\/wp-content\/uploads\/2022\/08\/photo1659442931-1024x1016.jpeg 1024w, https:\/\/xn--ngel-in-perfektion-ltb.de\/wp-content\/uploads\/2022\/08\/photo1659442931-150x150.jpeg 150w, https:\/\/xn--ngel-in-perfektion-ltb.de\/wp-content\/uploads\/2022\/08\/photo1659442931-768x762.jpeg 768w\" sizes=\"(max-width: 1079px) 100vw, 1079px\" \/>\t\t\t\t\t\t\t\t\t\t\t\t\t\t<\/a>\n\t\t\t\t\t\t<\/div>\n\t\t\t<\/div>\n<\/div>[\/vc_column][\/vc_row]<\/p>\n","protected":false},"excerpt":{"rendered":"<p>[vc_row center_bck_image=&#8220;no&#8220;][vc_column][\/vc_column][\/vc_row][vc_row center_bck_image=&#8220;no&#8220; css=&#8220;.vc_custom_1515187626348{background-color: #f3f2f2 !important;}&#8220;][vc_column][vc_empty_space height=&#8220;52px&#8220;][vc_row_inner content_width=&#8220;grid&#8220;][vc_column_inner width=&#8220;1\/4&#8243;][vc_single_image image=&#8220;17108&#8243; img_size=&#8220;full&#8220;][\/vc_column_inner][vc_column_inner width=&#8220;3\/4&#8243;][\/vc_column_inner][\/vc_row_inner][\/vc_column][\/vc_row][vc_row center_bck_image=&#8220;no&#8220; css=&#8220;.vc_custom_1515187626348{background-color: #f3f2f2 !important;}&#8220;][vc_column][vc_empty_space][vc_row_inner content_width=&#8220;grid&#8220;][vc_column_inner width=&#8220;2\/3&#8243; offset=&#8220;vc_hidden-md vc_hidden-sm vc_hidden-xs&#8220;][\/vc_column_inner][vc_column_inner width=&#8220;1\/3&#8243; offset=&#8220;vc_hidden-md vc_hidden-sm vc_hidden-xs&#8220;][vc_single_image image=&#8220;17099&#8243; img_size=&#8220;full&#8220;][\/vc_column_inner][\/vc_row_inner][\/vc_column][\/vc_row][vc_row center_bck_image=&#8220;no&#8220; css=&#8220;.vc_custom_1515187626348{background-color: #f3f2f2 !important;}&#8220;][vc_column][vc_empty_space][vc_row_inner content_width=&#8220;grid&#8220;][vc_column_inner offset=&#8220;vc_hidden-lg&#8220;][vc_single_image image=&#8220;17099&#8243; img_size=&#8220;full&#8220;][\/vc_column_inner][\/vc_row_inner][\/vc_column][\/vc_row][vc_row center_bck_image=&#8220;no&#8220; css=&#8220;.vc_custom_1515187626348{background-color: #f3f2f2 !important;}&#8220;][vc_column][vc_empty_space][vc_row_inner content_width=&#8220;grid&#8220;][vc_column_inner width=&#8220;1\/3&#8243;][vc_single_image image=&#8220;17104&#8243; img_size=&#8220;full&#8220;][\/vc_column_inner][vc_column_inner width=&#8220;2\/3&#8243;][\/vc_column_inner][\/vc_row_inner][vc_empty_space height=&#8220;10px&#8220;][\/vc_column][\/vc_row][vc_row&#8230;<\/p>\n","protected":false},"author":1,"featured_media":0,"parent":0,"menu_order":0,"comment_status":"closed","ping_status":"closed","template":"full-width.php","meta":[],"_links":{"self":[{"href":"https:\/\/xn--ngel-in-perfektion-ltb.de\/index.php\/wp-json\/wp\/v2\/pages\/10158"}],"collection":[{"href":"https:\/\/xn--ngel-in-perfektion-ltb.de\/index.php\/wp-json\/wp\/v2\/pages"}],"about":[{"href":"https:\/\/xn--ngel-in-perfektion-ltb.de\/index.php\/wp-json\/wp\/v2\/types\/page"}],"author":[{"embeddable":true,"href":"https:\/\/xn--ngel-in-perfektion-ltb.de\/index.php\/wp-json\/wp\/v2\/users\/1"}],"replies":[{"embeddable":true,"href":"https:\/\/xn--ngel-in-perfektion-ltb.de\/index.php\/wp-json\/wp\/v2\/comments?post=10158"}],"version-history":[{"count":162,"href":"https:\/\/xn--ngel-in-perfektion-ltb.de\/index.php\/wp-json\/wp\/v2\/pages\/10158\/revisions"}],"predecessor-version":[{"id":17180,"href":"https:\/\/xn--ngel-in-perfektion-ltb.de\/index.php\/wp-json\/wp\/v2\/pages\/10158\/revisions\/17180"}],"wp:attachment":[{"href":"https:\/\/xn--ngel-in-perfektion-ltb.de\/index.php\/wp-json\/wp\/v2\/media?parent=10158"}],"curies":[{"name":"wp","href":"https:\/\/api.w.org\/{rel}","templated":true}]}}